{"id":213,"date":"2025-11-02T19:39:16","date_gmt":"2025-11-02T19:39:16","guid":{"rendered":"https:\/\/msijar.mojweb.com.hr\/index.php\/home\/"},"modified":"2025-11-02T20:53:31","modified_gmt":"2025-11-02T20:53:31","slug":"home","status":"publish","type":"page","link":"https:\/\/msijar.mojweb.com.hr\/","title":{"rendered":"Home"},"content":{"rendered":"\t\t<div data-elementor-type=\"wp-page\" data-elementor-id=\"213\" class=\"elementor elementor-213\">\n\t\t\t\t<div class=\"elementor-element elementor-element-2682e1a8 e-flex e-con-boxed e-con e-parent\" data-id=\"2682e1a8\" data-element_type=\"container\">\n\t\t\t\t\t<div class=\"e-con-inner\">\n\t\t\t\t<div class=\"elementor-element elementor-element-73fa7e40 elementor-widget elementor-widget-heading\" data-id=\"73fa7e40\" data-element_type=\"widget\" data-widget_type=\"heading.default\">\n\t\t\t\t\t<h1 class=\"elementor-heading-title elementor-size-default\">BOOM BOX - <i>ENERGIJA U POKRETU<\/i><\/h1>\t\t\t\t<\/div>\n\t\t\t\t<div class=\"elementor-element elementor-element-7b2135d7 elementor-widget elementor-widget-image\" data-id=\"7b2135d7\" data-element_type=\"widget\" data-widget_type=\"image.default\">\n\t\t\t\t\t\t\t\t\t\t\t\t\t\t\t<img fetchpriority=\"high\" decoding=\"async\" width=\"1532\" height=\"1154\" src=\"https:\/\/msijar.mojweb.com.hr\/wp-content\/uploads\/2025\/10\/boom-box-proizvodi.png\" class=\"attachment-full size-full wp-image-57\" alt=\"Boom Box proizvodi\" srcset=\"https:\/\/msijar.mojweb.com.hr\/wp-content\/uploads\/2025\/10\/boom-box-proizvodi.png 1532w, https:\/\/msijar.mojweb.com.hr\/wp-content\/uploads\/2025\/10\/boom-box-proizvodi-300x226.png 300w, https:\/\/msijar.mojweb.com.hr\/wp-content\/uploads\/2025\/10\/boom-box-proizvodi-1024x771.png 1024w, https:\/\/msijar.mojweb.com.hr\/wp-content\/uploads\/2025\/10\/boom-box-proizvodi-768x579.png 768w\" sizes=\"(max-width: 1532px) 100vw, 1532px\" \/>\t\t\t\t\t\t\t\t\t\t\t\t\t\t\t<\/div>\n\t\t\t\t<div class=\"elementor-element elementor-element-58f8823f elementor-align-center elementor-invisible elementor-widget elementor-widget-button\" data-id=\"58f8823f\" data-element_type=\"widget\" data-settings=\"{&quot;_animation&quot;:&quot;pulse&quot;}\" data-widget_type=\"button.default\">\n\t\t\t\t\t\t\t\t\t\t<a class=\"elementor-button elementor-button-link elementor-size-sm elementor-animation-float\" href=\"https:\/\/msijar.mojweb.com.hr\/wp-admin\/site-editor.php?p=%2Fpage%2F24&#038;canvas=edit\">\n\t\t\t\t\t\t<span class=\"elementor-button-content-wrapper\">\n\t\t\t\t\t\t\t\t\t<span class=\"elementor-button-text\">proizvodi<\/span>\n\t\t\t\t\t<\/span>\n\t\t\t\t\t<\/a>\n\t\t\t\t\t\t\t\t<\/div>\n\t\t\t\t\t<\/div>\n\t\t\t\t<\/div>\n\t\t<div class=\"elementor-element elementor-element-2480ba6c e-flex e-con-boxed e-con e-parent\" data-id=\"2480ba6c\" data-element_type=\"container\" data-settings=\"{&quot;background_background&quot;:&quot;classic&quot;}\">\n\t\t\t\t\t<div class=\"e-con-inner\">\n\t\t<div class=\"elementor-element elementor-element-175a7998 e-con-full e-flex e-con e-child\" data-id=\"175a7998\" data-element_type=\"container\" data-settings=\"{&quot;background_background&quot;:&quot;classic&quot;}\">\n\t\t\t\t<div class=\"elementor-element elementor-element-53af07a7 elementor-widget elementor-widget-heading\" data-id=\"53af07a7\" data-element_type=\"widget\" data-widget_type=\"heading.default\">\n\t\t\t\t\t<h4 class=\"elementor-heading-title elementor-size-default\"><h2 class=\"elementor-heading-title elementor-size-default\" style=\"font-weight: 400;letter-spacing: 5px;line-height: 110px;font-size: 100px;font-family: Vidaloka, sans-serif;text-transform: uppercase;font-style: normal;text-decoration: none\">Zdravo ne mora biti dosadno.<br>Svaki smoothie, keksi\u0107 i granola nose svoj&nbsp;<em>boom<\/em>&nbsp;okusa i boje.<\/h2><\/h4>\t\t\t\t<\/div>\n\t\t\t\t<\/div>\n\t\t\t\t\t<\/div>\n\t\t\t\t<\/div>\n\t\t<div class=\"elementor-element elementor-element-453ac95e e-con-full e-flex e-con e-parent\" data-id=\"453ac95e\" data-element_type=\"container\" data-settings=\"{&quot;background_background&quot;:&quot;classic&quot;}\">\n\t\t<div class=\"elementor-element elementor-element-30bbc17a animated-slow e-con-full e-flex elementor-invisible e-con e-child\" data-id=\"30bbc17a\" data-element_type=\"container\" data-settings=\"{&quot;animation&quot;:&quot;slideInRight&quot;}\">\n\t\t\t\t<div class=\"elementor-element elementor-element-4daec7df elementor-widget elementor-widget-image\" data-id=\"4daec7df\" data-element_type=\"widget\" data-widget_type=\"image.default\">\n\t\t\t\t\t\t\t\t\t\t\t\t\t\t\t<img decoding=\"async\" width=\"1196\" height=\"996\" src=\"https:\/\/msijar.mojweb.com.hr\/wp-content\/uploads\/2025\/10\/Boom-Box-vrste-smoothija.jpg\" class=\"elementor-animation-float attachment-full size-full wp-image-63\" alt=\"\" srcset=\"https:\/\/msijar.mojweb.com.hr\/wp-content\/uploads\/2025\/10\/Boom-Box-vrste-smoothija.jpg 1196w, https:\/\/msijar.mojweb.com.hr\/wp-content\/uploads\/2025\/10\/Boom-Box-vrste-smoothija-300x250.jpg 300w, https:\/\/msijar.mojweb.com.hr\/wp-content\/uploads\/2025\/10\/Boom-Box-vrste-smoothija-1024x853.jpg 1024w, https:\/\/msijar.mojweb.com.hr\/wp-content\/uploads\/2025\/10\/Boom-Box-vrste-smoothija-768x640.jpg 768w\" sizes=\"(max-width: 1196px) 100vw, 1196px\" \/>\t\t\t\t\t\t\t\t\t\t\t\t\t\t\t<\/div>\n\t\t\t\t<div class=\"elementor-element elementor-element-7a6c47bf elementor-widget elementor-widget-heading\" data-id=\"7a6c47bf\" data-element_type=\"widget\" data-widget_type=\"heading.default\">\n\t\t\t\t\t<h3 class=\"elementor-heading-title elementor-size-default\">smoothie<\/h3>\t\t\t\t<\/div>\n\t\t\t\t<div class=\"elementor-element elementor-element-42342bcd elementor-widget elementor-widget-text-editor\" data-id=\"42342bcd\" data-element_type=\"widget\" data-widget_type=\"text-editor.default\">\n\t\t\t\t\t\t\t\t\t<p>Kremasti, zasitni i puni prirodnih sastojaka \u2014 na\u0161i zobeni smoothiji su pravi\u00a0<em>boom<\/em>\u00a0energije.<br \/>Savr\u0161eni za jutra kad \u017euri\u0161, za pauze izme\u0111u obaveza ili kad ti treba brzi, hranjivi boost.<\/p>\t\t\t\t\t\t\t\t<\/div>\n\t\t\t\t<div class=\"elementor-element elementor-element-53f9a85a elementor-align-center elementor-widget elementor-widget-button\" data-id=\"53f9a85a\" data-element_type=\"widget\" data-widget_type=\"button.default\">\n\t\t\t\t\t\t\t\t\t\t<a class=\"elementor-button elementor-size-sm elementor-animation-float\" role=\"button\">\n\t\t\t\t\t\t<span class=\"elementor-button-content-wrapper\">\n\t\t\t\t\t\t\t\t\t<span class=\"elementor-button-text\">upoznaj smoothije<\/span>\n\t\t\t\t\t<\/span>\n\t\t\t\t\t<\/a>\n\t\t\t\t\t\t\t\t<\/div>\n\t\t\t\t<\/div>\n\t\t<div class=\"elementor-element elementor-element-106258f6 e-con-full e-flex e-con e-child\" data-id=\"106258f6\" data-element_type=\"container\">\n\t\t\t\t<div class=\"elementor-element elementor-element-9684a38 elementor-widget elementor-widget-image\" data-id=\"9684a38\" data-element_type=\"widget\" data-widget_type=\"image.default\">\n\t\t\t\t\t\t\t\t\t\t\t\t\t\t\t<img decoding=\"async\" width=\"1683\" height=\"1680\" src=\"https:\/\/msijar.mojweb.com.hr\/wp-content\/uploads\/2025\/10\/Boom-Box-granola.png\" class=\"elementor-animation-float attachment-full size-full wp-image-64\" alt=\"Boom Box granola\" srcset=\"https:\/\/msijar.mojweb.com.hr\/wp-content\/uploads\/2025\/10\/Boom-Box-granola.png 1683w, https:\/\/msijar.mojweb.com.hr\/wp-content\/uploads\/2025\/10\/Boom-Box-granola-300x300.png 300w, https:\/\/msijar.mojweb.com.hr\/wp-content\/uploads\/2025\/10\/Boom-Box-granola-1024x1022.png 1024w, https:\/\/msijar.mojweb.com.hr\/wp-content\/uploads\/2025\/10\/Boom-Box-granola-150x150.png 150w, https:\/\/msijar.mojweb.com.hr\/wp-content\/uploads\/2025\/10\/Boom-Box-granola-768x767.png 768w, https:\/\/msijar.mojweb.com.hr\/wp-content\/uploads\/2025\/10\/Boom-Box-granola-1536x1533.png 1536w\" sizes=\"(max-width: 1683px) 100vw, 1683px\" \/>\t\t\t\t\t\t\t\t\t\t\t\t\t\t\t<\/div>\n\t\t\t\t<div class=\"elementor-element elementor-element-6d19f033 elementor-widget elementor-widget-heading\" data-id=\"6d19f033\" data-element_type=\"widget\" data-widget_type=\"heading.default\">\n\t\t\t\t\t<h3 class=\"elementor-heading-title elementor-size-default\">Granola<\/h3>\t\t\t\t<\/div>\n\t\t\t\t<div class=\"elementor-element elementor-element-780eef0 elementor-widget elementor-widget-text-editor\" data-id=\"780eef0\" data-element_type=\"widget\" data-widget_type=\"text-editor.default\">\n\t\t\t\t\t\t\t\t\t<p>Na\u0161a granola je spoj zobi, ora\u0161astih plodova i komadi\u0107a vo\u0107a \u2014 pe\u010dena do savr\u0161enstva i puna prirodne energije.<br \/>Savr\u0161ena uz jogurt, mlijeko ili kao zdravi snack kad te uhvati glad.<\/p>\t\t\t\t\t\t\t\t<\/div>\n\t\t\t\t<div class=\"elementor-element elementor-element-42dabc4c elementor-align-center elementor-widget elementor-widget-button\" data-id=\"42dabc4c\" data-element_type=\"widget\" data-widget_type=\"button.default\">\n\t\t\t\t\t\t\t\t\t\t<a class=\"elementor-button elementor-size-sm elementor-animation-float\" role=\"button\">\n\t\t\t\t\t\t<span class=\"elementor-button-content-wrapper\">\n\t\t\t\t\t\t\t\t\t<span class=\"elementor-button-text\">upoznaj granole<\/span>\n\t\t\t\t\t<\/span>\n\t\t\t\t\t<\/a>\n\t\t\t\t\t\t\t\t<\/div>\n\t\t\t\t<\/div>\n\t\t<div class=\"elementor-element elementor-element-703eba69 animated-slow e-con-full e-flex elementor-invisible e-con e-child\" data-id=\"703eba69\" data-element_type=\"container\" data-settings=\"{&quot;animation&quot;:&quot;slideInLeft&quot;}\">\n\t\t\t\t<div class=\"elementor-element elementor-element-73d441e1 elementor-widget elementor-widget-image\" data-id=\"73d441e1\" data-element_type=\"widget\" data-widget_type=\"image.default\">\n\t\t\t\t\t\t\t\t\t\t\t\t\t\t\t<img loading=\"lazy\" decoding=\"async\" width=\"832\" height=\"817\" src=\"https:\/\/msijar.mojweb.com.hr\/wp-content\/uploads\/2025\/10\/Zobeni-keksi_.png\" class=\"elementor-animation-float attachment-full size-full wp-image-71\" alt=\"\" srcset=\"https:\/\/msijar.mojweb.com.hr\/wp-content\/uploads\/2025\/10\/Zobeni-keksi_.png 832w, https:\/\/msijar.mojweb.com.hr\/wp-content\/uploads\/2025\/10\/Zobeni-keksi_-300x295.png 300w, https:\/\/msijar.mojweb.com.hr\/wp-content\/uploads\/2025\/10\/Zobeni-keksi_-768x754.png 768w\" sizes=\"(max-width: 832px) 100vw, 832px\" \/>\t\t\t\t\t\t\t\t\t\t\t\t\t\t\t<\/div>\n\t\t\t\t<div class=\"elementor-element elementor-element-332ba3c3 elementor-widget elementor-widget-heading\" data-id=\"332ba3c3\" data-element_type=\"widget\" data-widget_type=\"heading.default\">\n\t\t\t\t\t<h3 class=\"elementor-heading-title elementor-size-default\">zobeni keksi<\/h3>\t\t\t\t<\/div>\n\t\t\t\t<div class=\"elementor-element elementor-element-29942e65 elementor-widget elementor-widget-text-editor\" data-id=\"29942e65\" data-element_type=\"widget\" data-widget_type=\"text-editor.default\">\n\t\t\t\t\t\t\t\t\t<p>Na\u0161i zobeni keksi\u0107i su napravljeni da te razvesele i zasite \u2014 savr\u0161ena kombinacija zobi, ora\u0161astih plodova i komadi\u0107a vo\u0107a ili \u010dokolade.<br \/>Hranjivi, mekani i puni okusa, ali bez dodanih \u0161e\u0107era i nepotrebnih dodataka.<\/p>\t\t\t\t\t\t\t\t<\/div>\n\t\t\t\t<div class=\"elementor-element elementor-element-2c78e1b elementor-align-center elementor-widget elementor-widget-button\" data-id=\"2c78e1b\" data-element_type=\"widget\" data-widget_type=\"button.default\">\n\t\t\t\t\t\t\t\t\t\t<a class=\"elementor-button elementor-size-sm elementor-animation-float\" role=\"button\">\n\t\t\t\t\t\t<span class=\"elementor-button-content-wrapper\">\n\t\t\t\t\t\t\t\t\t<span class=\"elementor-button-text\">upoznaj zobene kekse<\/span>\n\t\t\t\t\t<\/span>\n\t\t\t\t\t<\/a>\n\t\t\t\t\t\t\t\t<\/div>\n\t\t\t\t<\/div>\n\t\t\t\t<\/div>\n\t\t<div class=\"elementor-element elementor-element-13f499b4 e-con-full e-flex e-con e-parent\" data-id=\"13f499b4\" data-element_type=\"container\" data-settings=\"{&quot;background_background&quot;:&quot;classic&quot;}\">\n\t\t<div class=\"elementor-element elementor-element-7a0a4d4b e-con-full e-flex e-con e-child\" data-id=\"7a0a4d4b\" data-element_type=\"container\">\n\t\t\t\t<div class=\"elementor-element elementor-element-1990d4b5 animated-slow elementor-invisible elementor-widget elementor-widget-image\" data-id=\"1990d4b5\" data-element_type=\"widget\" data-settings=\"{&quot;_animation&quot;:&quot;slideInRight&quot;}\" data-widget_type=\"image.default\">\n\t\t\t\t\t\t\t\t\t\t\t\t\t\t\t<img loading=\"lazy\" decoding=\"async\" width=\"626\" height=\"847\" src=\"https:\/\/msijar.mojweb.com.hr\/wp-content\/uploads\/2025\/11\/boom-box-proizvodi-1.png\" class=\"attachment-full size-full wp-image-240\" alt=\"\" srcset=\"https:\/\/msijar.mojweb.com.hr\/wp-content\/uploads\/2025\/11\/boom-box-proizvodi-1.png 626w, https:\/\/msijar.mojweb.com.hr\/wp-content\/uploads\/2025\/11\/boom-box-proizvodi-1-222x300.png 222w\" sizes=\"(max-width: 626px) 100vw, 626px\" \/>\t\t\t\t\t\t\t\t\t\t\t\t\t\t\t<\/div>\n\t\t\t\t<\/div>\n\t\t<div class=\"elementor-element elementor-element-4c62e2ff e-con-full e-flex e-con e-child\" data-id=\"4c62e2ff\" data-element_type=\"container\">\n\t\t\t\t<div class=\"elementor-element elementor-element-230d14e8 elementor-widget elementor-widget-heading\" data-id=\"230d14e8\" data-element_type=\"widget\" data-widget_type=\"heading.default\">\n\t\t\t\t\t<h2 class=\"elementor-heading-title elementor-size-default\">Boom Box \u2014 jer \u017eivot je bolji kad puca od dobre energije!<\/h2>\t\t\t\t<\/div>\n\t\t\t\t<div class=\"elementor-element elementor-element-523c7dc elementor-widget elementor-widget-text-editor\" data-id=\"523c7dc\" data-element_type=\"widget\" data-widget_type=\"text-editor.default\">\n\t\t\t\t\t\t\t\t\t<p>Boom Box je nastao iz \u017eelje da zdrava hrana bude jednostavna, zabavna i uvijek pri ruci.<br \/>Po\u010deli smo s jednom zobi i puno ideja \u2014 a danas stvaramo proizvode koji prate tvoj ritam: brzo, zdravo i s puno stila.<\/p><p>Vjerujemo da obrok ne mora biti dosadan da bi bio dobar.<br \/>Zato svaka na\u0161a bo\u010dica, \u0161aka granole ili gutljaj napitka donosi energiju, boju i osmijeh.<\/p>\t\t\t\t\t\t\t\t<\/div>\n\t\t\t\t<div class=\"elementor-element elementor-element-50d6a059 elementor-tablet-align-center elementor-widget elementor-widget-button\" data-id=\"50d6a059\" data-element_type=\"widget\" data-widget_type=\"button.default\">\n\t\t\t\t\t\t\t\t\t\t<a class=\"elementor-button elementor-button-link elementor-size-sm elementor-animation-float\" href=\"https:\/\/library.elementor.com\/juice-bar-flexbox\/about\/\">\n\t\t\t\t\t\t<span class=\"elementor-button-content-wrapper\">\n\t\t\t\t\t\t\t\t\t<span class=\"elementor-button-text\">o nama<\/span>\n\t\t\t\t\t<\/span>\n\t\t\t\t\t<\/a>\n\t\t\t\t\t\t\t\t<\/div>\n\t\t\t\t<\/div>\n\t\t\t\t<\/div>\n\t\t<div class=\"elementor-element elementor-element-3ccc9e7d e-con-full e-flex e-con e-parent\" data-id=\"3ccc9e7d\" data-element_type=\"container\" data-settings=\"{&quot;background_background&quot;:&quot;classic&quot;}\">\n\t\t<div class=\"elementor-element elementor-element-4087d8fa e-con-full e-flex elementor-invisible e-con e-child\" data-id=\"4087d8fa\" data-element_type=\"container\" data-settings=\"{&quot;animation&quot;:&quot;slideInUp&quot;}\">\n\t\t\t\t<div class=\"elementor-element elementor-element-4a3dab79 elementor-widget elementor-widget-icon-box\" data-id=\"4a3dab79\" data-element_type=\"widget\" data-widget_type=\"icon-box.default\">\n\t\t\t\t\t\t\t<div class=\"elementor-icon-box-wrapper\">\n\n\t\t\t\n\t\t\t\t\t\t<div class=\"elementor-icon-box-content\">\n\n\t\t\t\t\t\t\t\t\t<h4 class=\"elementor-icon-box-title\">\n\t\t\t\t\t\t<span  >\n\t\t\t\t\t\t\tZOB JE ZAKON\t\t\t\t\t\t<\/span>\n\t\t\t\t\t<\/h4>\n\t\t\t\t\n\t\t\t\t\n\t\t\t<\/div>\n\t\t\t\n\t\t<\/div>\n\t\t\t\t\t\t<\/div>\n\t\t\t\t<\/div>\n\t\t<div class=\"elementor-element elementor-element-1b90e1a4 e-con-full e-flex elementor-invisible e-con e-child\" data-id=\"1b90e1a4\" data-element_type=\"container\" data-settings=\"{&quot;animation&quot;:&quot;slideInUp&quot;,&quot;animation_delay&quot;:100}\">\n\t\t\t\t<div class=\"elementor-element elementor-element-3e3e0a19 elementor-widget elementor-widget-icon-box\" data-id=\"3e3e0a19\" data-element_type=\"widget\" data-widget_type=\"icon-box.default\">\n\t\t\t\t\t\t\t<div class=\"elementor-icon-box-wrapper\">\n\n\t\t\t\n\t\t\t\t\t\t<div class=\"elementor-icon-box-content\">\n\n\t\t\t\t\t\t\t\t\t<h4 class=\"elementor-icon-box-title\">\n\t\t\t\t\t\t<span  >\n\t\t\t\t\t\t\t100% ORGANSKO\t\t\t\t\t\t<\/span>\n\t\t\t\t\t<\/h4>\n\t\t\t\t\n\t\t\t\t\n\t\t\t<\/div>\n\t\t\t\n\t\t<\/div>\n\t\t\t\t\t\t<\/div>\n\t\t\t\t<\/div>\n\t\t<div class=\"elementor-element elementor-element-5df0d8e e-con-full e-flex elementor-invisible e-con e-child\" data-id=\"5df0d8e\" data-element_type=\"container\" data-settings=\"{&quot;animation&quot;:&quot;slideInUp&quot;,&quot;animation_delay&quot;:200}\">\n\t\t\t\t<div class=\"elementor-element elementor-element-7eac8b65 elementor-widget elementor-widget-icon-box\" data-id=\"7eac8b65\" data-element_type=\"widget\" data-widget_type=\"icon-box.default\">\n\t\t\t\t\t\t\t<div class=\"elementor-icon-box-wrapper\">\n\n\t\t\t\n\t\t\t\t\t\t<div class=\"elementor-icon-box-content\">\n\n\t\t\t\t\t\t\t\t\t<h4 class=\"elementor-icon-box-title\">\n\t\t\t\t\t\t<span  >\n\t\t\t\t\t\t\tCJELOVITE \u017dITARICE\t\t\t\t\t\t<\/span>\n\t\t\t\t\t<\/h4>\n\t\t\t\t\n\t\t\t\t\n\t\t\t<\/div>\n\t\t\t\n\t\t<\/div>\n\t\t\t\t\t\t<\/div>\n\t\t\t\t<\/div>\n\t\t<div class=\"elementor-element elementor-element-20b45744 e-con-full e-flex elementor-invisible e-con e-child\" data-id=\"20b45744\" data-element_type=\"container\" data-settings=\"{&quot;animation&quot;:&quot;slideInUp&quot;,&quot;animation_delay&quot;:300}\">\n\t\t\t\t<div class=\"elementor-element elementor-element-77a7c606 elementor-widget elementor-widget-icon-box\" data-id=\"77a7c606\" data-element_type=\"widget\" data-widget_type=\"icon-box.default\">\n\t\t\t\t\t\t\t<div class=\"elementor-icon-box-wrapper\">\n\n\t\t\t\n\t\t\t\t\t\t<div class=\"elementor-icon-box-content\">\n\n\t\t\t\t\t\t\t\t\t<h4 class=\"elementor-icon-box-title\">\n\t\t\t\t\t\t<span  >\n\t\t\t\t\t\t\tU RITMU SRCA\t\t\t\t\t\t<\/span>\n\t\t\t\t\t<\/h4>\n\t\t\t\t\n\t\t\t\t\n\t\t\t<\/div>\n\t\t\t\n\t\t<\/div>\n\t\t\t\t\t\t<\/div>\n\t\t\t\t<\/div>\n\t\t\t\t<\/div>\n\t\t<div class=\"elementor-element elementor-element-7c3c9e0b e-flex e-con-boxed e-con e-parent\" data-id=\"7c3c9e0b\" data-element_type=\"container\">\n\t\t\t\t\t<div class=\"e-con-inner\">\n\t\t<div class=\"elementor-element elementor-element-18fbac87 e-con-full e-flex e-con e-child\" data-id=\"18fbac87\" data-element_type=\"container\">\n\t\t\t\t<div class=\"elementor-element elementor-element-32ddf115 elementor-widget elementor-widget-heading\" data-id=\"32ddf115\" data-element_type=\"widget\" data-widget_type=\"heading.default\">\n\t\t\t\t\t<h2 class=\"elementor-heading-title elementor-size-default\">ZAPO\u010cNI DAN SA ZOBI I OSJETI RAZLIKU<\/h2>\t\t\t\t<\/div>\n\t\t\t\t<div class=\"elementor-element elementor-element-3f874dbd elementor-widget elementor-widget-text-editor\" data-id=\"3f874dbd\" data-element_type=\"widget\" data-widget_type=\"text-editor.default\">\n\t\t\t\t\t\t\t\t\t<p>&#8220;Zob je prava superhrana \u2014 bogata vlaknima, vitaminima i mineralima koji poma\u017eu odr\u017eati energiju tijekom dana.&#8221;\u00a0<\/p>\t\t\t\t\t\t\t\t<\/div>\n\t\t\t\t<div class=\"elementor-element elementor-element-372d943e elementor-tablet-align-center elementor-widget elementor-widget-button\" data-id=\"372d943e\" data-element_type=\"widget\" data-widget_type=\"button.default\">\n\t\t\t\t\t\t\t\t\t\t<a class=\"elementor-button elementor-size-sm elementor-animation-float\" role=\"button\">\n\t\t\t\t\t\t<span class=\"elementor-button-content-wrapper\">\n\t\t\t\t\t\t\t\t\t<span class=\"elementor-button-text\">NUTRICIONISTI<\/span>\n\t\t\t\t\t<\/span>\n\t\t\t\t\t<\/a>\n\t\t\t\t\t\t\t\t<\/div>\n\t\t\t\t<\/div>\n\t\t<div class=\"elementor-element elementor-element-5431b8bd e-con-full e-flex e-con e-child\" data-id=\"5431b8bd\" data-element_type=\"container\">\n\t\t\t\t<div class=\"elementor-element elementor-element-216702ae e-transform elementor-invisible elementor-widget elementor-widget-image\" data-id=\"216702ae\" data-element_type=\"widget\" data-settings=\"{&quot;_transform_rotateZ_effect&quot;:{&quot;unit&quot;:&quot;px&quot;,&quot;size&quot;:15,&quot;sizes&quot;:[]},&quot;_animation&quot;:&quot;rotateInDownLeft&quot;,&quot;_transform_rotateZ_effect_tablet&quot;:{&quot;unit&quot;:&quot;deg&quot;,&quot;size&quot;:&quot;&quot;,&quot;sizes&quot;:[]},&quot;_transform_rotateZ_effect_mobile&quot;:{&quot;unit&quot;:&quot;deg&quot;,&quot;size&quot;:&quot;&quot;,&quot;sizes&quot;:[]}}\" data-widget_type=\"image.default\">\n\t\t\t\t\t\t\t\t\t\t\t\t\t\t\t<img loading=\"lazy\" decoding=\"async\" width=\"687\" height=\"848\" src=\"https:\/\/msijar.mojweb.com.hr\/wp-content\/uploads\/2025\/10\/Boom-Box-nutricionisti.png\" class=\"attachment-full size-full wp-image-68\" alt=\"Boom Box - savjeti nutricionista\" srcset=\"https:\/\/msijar.mojweb.com.hr\/wp-content\/uploads\/2025\/10\/Boom-Box-nutricionisti.png 687w, https:\/\/msijar.mojweb.com.hr\/wp-content\/uploads\/2025\/10\/Boom-Box-nutricionisti-243x300.png 243w\" sizes=\"(max-width: 687px) 100vw, 687px\" \/>\t\t\t\t\t\t\t\t\t\t\t\t\t\t\t<\/div>\n\t\t\t\t<\/div>\n\t\t\t\t\t<\/div>\n\t\t\t\t<\/div>\n\t\t\t\t<\/div>\n\t\t","protected":false},"excerpt":{"rendered":"<p>BOOM BOX &#8211; ENERGIJA U POKRETU proizvodi Zdravo ne mora biti dosadno.Svaki smoothie, keksi\u0107 i granola nose svoj&nbsp;boom&nbsp;okusa i boje. smoothie Kremasti, zasitni i puni prirodnih sastojaka \u2014 na\u0161i zobeni smoothiji su pravi\u00a0boom\u00a0energije.Savr\u0161eni za jutra kad \u017euri\u0161, za pauze izme\u0111u obaveza ili kad ti treba brzi, hranjivi boost. upoznaj smoothije Granola Na\u0161a granola je spoj [&hellip;]<\/p>\n","protected":false},"author":1,"featured_media":222,"parent":0,"menu_order":0,"comment_status":"closed","ping_status":"closed","template":"elementor_header_footer","meta":{"footnotes":""},"class_list":["post-213","page","type-page","status-publish","has-post-thumbnail","hentry"],"_links":{"self":[{"href":"https:\/\/msijar.mojweb.com.hr\/index.php\/wp-json\/wp\/v2\/pages\/213","targetHints":{"allow":["GET"]}}],"collection":[{"href":"https:\/\/msijar.mojweb.com.hr\/index.php\/wp-json\/wp\/v2\/pages"}],"about":[{"href":"https:\/\/msijar.mojweb.com.hr\/index.php\/wp-json\/wp\/v2\/types\/page"}],"author":[{"embeddable":true,"href":"https:\/\/msijar.mojweb.com.hr\/index.php\/wp-json\/wp\/v2\/users\/1"}],"replies":[{"embeddable":true,"href":"https:\/\/msijar.mojweb.com.hr\/index.php\/wp-json\/wp\/v2\/comments?post=213"}],"version-history":[{"count":8,"href":"https:\/\/msijar.mojweb.com.hr\/index.php\/wp-json\/wp\/v2\/pages\/213\/revisions"}],"predecessor-version":[{"id":246,"href":"https:\/\/msijar.mojweb.com.hr\/index.php\/wp-json\/wp\/v2\/pages\/213\/revisions\/246"}],"wp:featuredmedia":[{"embeddable":true,"href":"https:\/\/msijar.mojweb.com.hr\/index.php\/wp-json\/wp\/v2\/media\/222"}],"wp:attachment":[{"href":"https:\/\/msijar.mojweb.com.hr\/index.php\/wp-json\/wp\/v2\/media?parent=213"}],"curies":[{"name":"wp","href":"https:\/\/api.w.org\/{rel}","templated":true}]}}